{"id":147,"date":"2025-03-24T15:46:10","date_gmt":"2025-03-24T15:46:10","guid":{"rendered":"https:\/\/hotelparislafayette.ms2.decms.eu\/autour-de-lhotel\/"},"modified":"2025-04-16T13:21:33","modified_gmt":"2025-04-16T13:21:33","slug":"surroundings","status":"publish","type":"page","link":"https:\/\/www.hotelparislafayette.com\/en\/surroundings\/","title":{"rendered":"Surroundings"},"content":{"rendered":"<p>The hotel is part of the life of a <strong>genuine neighbourhood,<\/strong> that reflects a city that knows how to keep reinventing itself.<\/p>\n<p>With its shops and businesses, traditional breweries and flavours from around the world, bars and theatres, it will immerse you into <strong>that Paris that is always busy, enjoys life and has fun.<\/strong><\/p>\n<p>The area around Cit\u00e9 de Paradis, a charming typical street, is full of restaurants where you can have lunch.<\/p>\n<p>After that, it&#8217;s time to check out the plays and concerts at the Th\u00e9\u00e2tre du Gymnase Marie Bell, the Th\u00e9\u00e2tre des \u00c9toiles or the New Morning.<\/p>\n<p>Between the 9th and 10th arrondissements, only 15 minutes walk from Montmartre and Galeries La Fayette, <strong>the quiet Rue des Messageries is a destination in itself.<\/strong><\/p>\n","protected":false},"excerpt":{"rendered":"<p>The hotel is part of the life of a genuine neighbourhood, that reflects a city that knows how to keep reinventing itself. With its shops and businesses, traditional breweries and flavours from around the world, bars and theatres, it will immerse you into that Paris that is always busy, enjoys life and has fun. The [&hellip;]<\/p>\n","protected":false},"author":208,"featured_media":0,"parent":0,"menu_order":0,"comment_status":"closed","ping_status":"closed","template":"template-surroundings.php","meta":{"footnotes":""},"class_list":["post-147","page","type-page","status-publish","hentry"],"yoast_head":"<!-- This site is optimized with the Yoast SEO plugin v27.3 - https:\/\/yoast.com\/product\/yoast-seo-wordpress\/ -->\n<title>Hotel in Paris 10 | Paris Lafayette<\/title>\n<meta name=\"description\" content=\"Stay in a hotel in the 10th arrondissement of Paris. Enjoy a vibrant neighborhood close to theaters, restaurants, Montmartre, and other must-see attractions.\" \/>\n<meta name=\"robots\" content=\"index, follow, max-snippet:-1, max-image-preview:large, max-video-preview:-1\" \/>\n<link rel=\"canonical\" href=\"https:\/\/www.hotelparislafayette.com\/en\/surroundings\/\" \/>\n<meta property=\"og:locale\" content=\"en_US\" \/>\n<meta property=\"og:type\" content=\"article\" \/>\n<meta property=\"og:title\" content=\"Hotel in Paris 10 | Paris Lafayette\" \/>\n<meta property=\"og:description\" content=\"Stay in a hotel in the 10th arrondissement of Paris. Enjoy a vibrant neighborhood close to theaters, restaurants, Montmartre, and other must-see attractions.\" \/>\n<meta property=\"og:url\" content=\"https:\/\/www.hotelparislafayette.com\/en\/surroundings\/\" \/>\n<meta property=\"og:site_name\" content=\"Hotel Paris Lafayette\" \/>\n<meta property=\"article:publisher\" content=\"https:\/\/www.facebook.com\/hotelparislafayette\/\" \/>\n<meta property=\"article:modified_time\" content=\"2025-04-16T13:21:33+00:00\" \/>\n<meta name=\"twitter:card\" content=\"summary_large_image\" \/>\n<meta name=\"twitter:label1\" content=\"Est. reading time\" \/>\n\t<meta name=\"twitter:data1\" content=\"1 minute\" \/>\n<script type=\"application\/ld+json\" class=\"yoast-schema-graph\">{\"@context\":\"https:\\\/\\\/schema.org\",\"@graph\":[{\"@type\":\"WebPage\",\"@id\":\"https:\\\/\\\/www.hotelparislafayette.com\\\/en\\\/surroundings\\\/\",\"url\":\"https:\\\/\\\/www.hotelparislafayette.com\\\/en\\\/surroundings\\\/\",\"name\":\"Hotel in Paris 10 | Paris Lafayette\",\"isPartOf\":{\"@id\":\"https:\\\/\\\/www.hotelparislafayette.com\\\/en\\\/#website\"},\"datePublished\":\"2025-03-24T15:46:10+00:00\",\"dateModified\":\"2025-04-16T13:21:33+00:00\",\"description\":\"Stay in a hotel in the 10th arrondissement of Paris. Enjoy a vibrant neighborhood close to theaters, restaurants, Montmartre, and other must-see attractions.\",\"breadcrumb\":{\"@id\":\"https:\\\/\\\/www.hotelparislafayette.com\\\/en\\\/surroundings\\\/#breadcrumb\"},\"inLanguage\":\"en-US\",\"potentialAction\":[{\"@type\":\"ReadAction\",\"target\":[\"https:\\\/\\\/www.hotelparislafayette.com\\\/en\\\/surroundings\\\/\"]}]},{\"@type\":\"BreadcrumbList\",\"@id\":\"https:\\\/\\\/www.hotelparislafayette.com\\\/en\\\/surroundings\\\/#breadcrumb\",\"itemListElement\":[{\"@type\":\"ListItem\",\"position\":1,\"name\":\"Home\",\"item\":\"https:\\\/\\\/www.hotelparislafayette.com\\\/en\\\/\"},{\"@type\":\"ListItem\",\"position\":2,\"name\":\"Surroundings\"}]},{\"@type\":\"WebSite\",\"@id\":\"https:\\\/\\\/www.hotelparislafayette.com\\\/en\\\/#website\",\"url\":\"https:\\\/\\\/www.hotelparislafayette.com\\\/en\\\/\",\"name\":\"Hotel Paris Lafayette\",\"description\":\"\",\"potentialAction\":[{\"@type\":\"SearchAction\",\"target\":{\"@type\":\"EntryPoint\",\"urlTemplate\":\"https:\\\/\\\/www.hotelparislafayette.com\\\/en\\\/?s={search_term_string}\"},\"query-input\":{\"@type\":\"PropertyValueSpecification\",\"valueRequired\":true,\"valueName\":\"search_term_string\"}}],\"inLanguage\":\"en-US\"}]}<\/script>\n<!-- \/ Yoast SEO plugin. -->","yoast_head_json":{"title":"Hotel in Paris 10 | Paris Lafayette","description":"Stay in a hotel in the 10th arrondissement of Paris. Enjoy a vibrant neighborhood close to theaters, restaurants, Montmartre, and other must-see attractions.","robots":{"index":"index","follow":"follow","max-snippet":"max-snippet:-1","max-image-preview":"max-image-preview:large","max-video-preview":"max-video-preview:-1"},"canonical":"https:\/\/www.hotelparislafayette.com\/en\/surroundings\/","og_locale":"en_US","og_type":"article","og_title":"Hotel in Paris 10 | Paris Lafayette","og_description":"Stay in a hotel in the 10th arrondissement of Paris. Enjoy a vibrant neighborhood close to theaters, restaurants, Montmartre, and other must-see attractions.","og_url":"https:\/\/www.hotelparislafayette.com\/en\/surroundings\/","og_site_name":"Hotel Paris Lafayette","article_publisher":"https:\/\/www.facebook.com\/hotelparislafayette\/","article_modified_time":"2025-04-16T13:21:33+00:00","twitter_card":"summary_large_image","twitter_misc":{"Est. reading time":"1 minute"},"schema":{"@context":"https:\/\/schema.org","@graph":[{"@type":"WebPage","@id":"https:\/\/www.hotelparislafayette.com\/en\/surroundings\/","url":"https:\/\/www.hotelparislafayette.com\/en\/surroundings\/","name":"Hotel in Paris 10 | Paris Lafayette","isPartOf":{"@id":"https:\/\/www.hotelparislafayette.com\/en\/#website"},"datePublished":"2025-03-24T15:46:10+00:00","dateModified":"2025-04-16T13:21:33+00:00","description":"Stay in a hotel in the 10th arrondissement of Paris. Enjoy a vibrant neighborhood close to theaters, restaurants, Montmartre, and other must-see attractions.","breadcrumb":{"@id":"https:\/\/www.hotelparislafayette.com\/en\/surroundings\/#breadcrumb"},"inLanguage":"en-US","potentialAction":[{"@type":"ReadAction","target":["https:\/\/www.hotelparislafayette.com\/en\/surroundings\/"]}]},{"@type":"BreadcrumbList","@id":"https:\/\/www.hotelparislafayette.com\/en\/surroundings\/#breadcrumb","itemListElement":[{"@type":"ListItem","position":1,"name":"Home","item":"https:\/\/www.hotelparislafayette.com\/en\/"},{"@type":"ListItem","position":2,"name":"Surroundings"}]},{"@type":"WebSite","@id":"https:\/\/www.hotelparislafayette.com\/en\/#website","url":"https:\/\/www.hotelparislafayette.com\/en\/","name":"Hotel Paris Lafayette","description":"","potentialAction":[{"@type":"SearchAction","target":{"@type":"EntryPoint","urlTemplate":"https:\/\/www.hotelparislafayette.com\/en\/?s={search_term_string}"},"query-input":{"@type":"PropertyValueSpecification","valueRequired":true,"valueName":"search_term_string"}}],"inLanguage":"en-US"}]}},"acf":[],"_links":{"self":[{"href":"https:\/\/www.hotelparislafayette.com\/en\/wp-json\/wp\/v2\/pages\/147","targetHints":{"allow":["GET"]}}],"collection":[{"href":"https:\/\/www.hotelparislafayette.com\/en\/wp-json\/wp\/v2\/pages"}],"about":[{"href":"https:\/\/www.hotelparislafayette.com\/en\/wp-json\/wp\/v2\/types\/page"}],"author":[{"embeddable":true,"href":"https:\/\/www.hotelparislafayette.com\/en\/wp-json\/wp\/v2\/users\/208"}],"replies":[{"embeddable":true,"href":"https:\/\/www.hotelparislafayette.com\/en\/wp-json\/wp\/v2\/comments?post=147"}],"version-history":[{"count":0,"href":"https:\/\/www.hotelparislafayette.com\/en\/wp-json\/wp\/v2\/pages\/147\/revisions"}],"wp:attachment":[{"href":"https:\/\/www.hotelparislafayette.com\/en\/wp-json\/wp\/v2\/media?parent=147"}],"curies":[{"name":"wp","href":"https:\/\/api.w.org\/{rel}","templated":true}]}}