{"id":196,"date":"2025-03-26T13:43:35","date_gmt":"2025-03-26T13:43:35","guid":{"rendered":"https:\/\/hotelparislafayette.ms2.decms.eu\/servicios\/concierge-services\/"},"modified":"2025-04-17T13:06:15","modified_gmt":"2025-04-17T13:06:15","slug":"conserjeria","status":"publish","type":"page","link":"https:\/\/www.hotelparislafayette.com\/es\/servicios\/conserjeria\/","title":{"rendered":"Conserjer\u00eda"},"content":{"rendered":"<p>Disponible las 24 horas del d\u00eda, nuestro equipo de recepci\u00f3n te recibir\u00e1 a cualquier hora, tanto al llegar como al volver de alguno de los lugares m\u00e1s famosos de la noche parisina.<\/p>\n<p><strong>Nuestro objetivo: darte buenos consejos para disfrutar de todo lo que Par\u00eds puede ofrecer.<\/strong><\/p>\n<p>El personal estar\u00e1 encantado de responder a tus preguntas en franc\u00e9s, pero tambi\u00e9n en ingl\u00e9s, en espa\u00f1ol o en italiano.<\/p>\n","protected":false},"excerpt":{"rendered":"<p>Disponible las 24 horas del d\u00eda, nuestro equipo de recepci\u00f3n te recibir\u00e1 a cualquier hora, tanto al llegar como al volver de alguno de los lugares m\u00e1s famosos de la noche parisina. Nuestro objetivo: darte buenos consejos para disfrutar de todo lo que Par\u00eds puede ofrecer. El personal estar\u00e1 encantado de responder a tus preguntas [&hellip;]<\/p>\n","protected":false},"author":208,"featured_media":0,"parent":195,"menu_order":0,"comment_status":"closed","ping_status":"closed","template":"template-services.php","meta":{"footnotes":""},"class_list":["post-196","page","type-page","status-publish","hentry"],"yoast_head":"<!-- This site is optimized with the Yoast SEO plugin v27.3 - https:\/\/yoast.com\/product\/yoast-seo-wordpress\/ -->\n<title>Hotel with concierge service in Paris | Paris Lafayette<\/title>\n<meta name=\"robots\" content=\"index, follow, max-snippet:-1, max-image-preview:large, max-video-preview:-1\" \/>\n<link rel=\"canonical\" href=\"https:\/\/www.hotelparislafayette.com\/es\/servicios\/conserjeria\/\" \/>\n<meta property=\"og:locale\" content=\"es_ES\" \/>\n<meta property=\"og:type\" content=\"article\" \/>\n<meta property=\"og:title\" content=\"Hotel with concierge service in Paris | Paris Lafayette\" \/>\n<meta property=\"og:description\" content=\"Disponible las 24 horas del d\u00eda, nuestro equipo de recepci\u00f3n te recibir\u00e1 a cualquier hora, tanto al llegar como al volver de alguno de los lugares m\u00e1s famosos de la noche parisina. Nuestro objetivo: darte buenos consejos para disfrutar de todo lo que Par\u00eds puede ofrecer. El personal estar\u00e1 encantado de responder a tus preguntas [&hellip;]\" \/>\n<meta property=\"og:url\" content=\"https:\/\/www.hotelparislafayette.com\/es\/servicios\/conserjeria\/\" \/>\n<meta property=\"og:site_name\" content=\"Hotel Paris Lafayette\" \/>\n<meta property=\"article:publisher\" content=\"https:\/\/www.facebook.com\/hotelparislafayette\/\" \/>\n<meta property=\"article:modified_time\" content=\"2025-04-17T13:06:15+00:00\" \/>\n<meta name=\"twitter:card\" content=\"summary_large_image\" \/>\n<meta name=\"twitter:label1\" content=\"Tiempo de lectura\" \/>\n\t<meta name=\"twitter:data1\" content=\"1 minuto\" \/>\n<script type=\"application\/ld+json\" class=\"yoast-schema-graph\">{\"@context\":\"https:\\\/\\\/schema.org\",\"@graph\":[{\"@type\":\"WebPage\",\"@id\":\"https:\\\/\\\/www.hotelparislafayette.com\\\/es\\\/servicios\\\/conserjeria\\\/\",\"url\":\"https:\\\/\\\/www.hotelparislafayette.com\\\/es\\\/servicios\\\/conserjeria\\\/\",\"name\":\"Hotel with concierge service in Paris | Paris Lafayette\",\"isPartOf\":{\"@id\":\"https:\\\/\\\/www.hotelparislafayette.com\\\/es\\\/#website\"},\"datePublished\":\"2025-03-26T13:43:35+00:00\",\"dateModified\":\"2025-04-17T13:06:15+00:00\",\"breadcrumb\":{\"@id\":\"https:\\\/\\\/www.hotelparislafayette.com\\\/es\\\/servicios\\\/conserjeria\\\/#breadcrumb\"},\"inLanguage\":\"es\",\"potentialAction\":[{\"@type\":\"ReadAction\",\"target\":[\"https:\\\/\\\/www.hotelparislafayette.com\\\/es\\\/servicios\\\/conserjeria\\\/\"]}]},{\"@type\":\"BreadcrumbList\",\"@id\":\"https:\\\/\\\/www.hotelparislafayette.com\\\/es\\\/servicios\\\/conserjeria\\\/#breadcrumb\",\"itemListElement\":[{\"@type\":\"ListItem\",\"position\":1,\"name\":\"Home\",\"item\":\"https:\\\/\\\/www.hotelparislafayette.com\\\/es\\\/\"},{\"@type\":\"ListItem\",\"position\":2,\"name\":\"Servicios\",\"item\":\"https:\\\/\\\/www.hotelparislafayette.com\\\/es\\\/servicios\\\/\"},{\"@type\":\"ListItem\",\"position\":3,\"name\":\"Conserjer\u00eda\"}]},{\"@type\":\"WebSite\",\"@id\":\"https:\\\/\\\/www.hotelparislafayette.com\\\/es\\\/#website\",\"url\":\"https:\\\/\\\/www.hotelparislafayette.com\\\/es\\\/\",\"name\":\"Hotel Paris Lafayette\",\"description\":\"\",\"potentialAction\":[{\"@type\":\"SearchAction\",\"target\":{\"@type\":\"EntryPoint\",\"urlTemplate\":\"https:\\\/\\\/www.hotelparislafayette.com\\\/es\\\/?s={search_term_string}\"},\"query-input\":{\"@type\":\"PropertyValueSpecification\",\"valueRequired\":true,\"valueName\":\"search_term_string\"}}],\"inLanguage\":\"es\"}]}<\/script>\n<!-- \/ Yoast SEO plugin. -->","yoast_head_json":{"title":"Hotel with concierge service in Paris | Paris Lafayette","robots":{"index":"index","follow":"follow","max-snippet":"max-snippet:-1","max-image-preview":"max-image-preview:large","max-video-preview":"max-video-preview:-1"},"canonical":"https:\/\/www.hotelparislafayette.com\/es\/servicios\/conserjeria\/","og_locale":"es_ES","og_type":"article","og_title":"Hotel with concierge service in Paris | Paris Lafayette","og_description":"Disponible las 24 horas del d\u00eda, nuestro equipo de recepci\u00f3n te recibir\u00e1 a cualquier hora, tanto al llegar como al volver de alguno de los lugares m\u00e1s famosos de la noche parisina. Nuestro objetivo: darte buenos consejos para disfrutar de todo lo que Par\u00eds puede ofrecer. El personal estar\u00e1 encantado de responder a tus preguntas [&hellip;]","og_url":"https:\/\/www.hotelparislafayette.com\/es\/servicios\/conserjeria\/","og_site_name":"Hotel Paris Lafayette","article_publisher":"https:\/\/www.facebook.com\/hotelparislafayette\/","article_modified_time":"2025-04-17T13:06:15+00:00","twitter_card":"summary_large_image","twitter_misc":{"Tiempo de lectura":"1 minuto"},"schema":{"@context":"https:\/\/schema.org","@graph":[{"@type":"WebPage","@id":"https:\/\/www.hotelparislafayette.com\/es\/servicios\/conserjeria\/","url":"https:\/\/www.hotelparislafayette.com\/es\/servicios\/conserjeria\/","name":"Hotel with concierge service in Paris | Paris Lafayette","isPartOf":{"@id":"https:\/\/www.hotelparislafayette.com\/es\/#website"},"datePublished":"2025-03-26T13:43:35+00:00","dateModified":"2025-04-17T13:06:15+00:00","breadcrumb":{"@id":"https:\/\/www.hotelparislafayette.com\/es\/servicios\/conserjeria\/#breadcrumb"},"inLanguage":"es","potentialAction":[{"@type":"ReadAction","target":["https:\/\/www.hotelparislafayette.com\/es\/servicios\/conserjeria\/"]}]},{"@type":"BreadcrumbList","@id":"https:\/\/www.hotelparislafayette.com\/es\/servicios\/conserjeria\/#breadcrumb","itemListElement":[{"@type":"ListItem","position":1,"name":"Home","item":"https:\/\/www.hotelparislafayette.com\/es\/"},{"@type":"ListItem","position":2,"name":"Servicios","item":"https:\/\/www.hotelparislafayette.com\/es\/servicios\/"},{"@type":"ListItem","position":3,"name":"Conserjer\u00eda"}]},{"@type":"WebSite","@id":"https:\/\/www.hotelparislafayette.com\/es\/#website","url":"https:\/\/www.hotelparislafayette.com\/es\/","name":"Hotel Paris Lafayette","description":"","potentialAction":[{"@type":"SearchAction","target":{"@type":"EntryPoint","urlTemplate":"https:\/\/www.hotelparislafayette.com\/es\/?s={search_term_string}"},"query-input":{"@type":"PropertyValueSpecification","valueRequired":true,"valueName":"search_term_string"}}],"inLanguage":"es"}]}},"acf":[],"_links":{"self":[{"href":"https:\/\/www.hotelparislafayette.com\/es\/wp-json\/wp\/v2\/pages\/196","targetHints":{"allow":["GET"]}}],"collection":[{"href":"https:\/\/www.hotelparislafayette.com\/es\/wp-json\/wp\/v2\/pages"}],"about":[{"href":"https:\/\/www.hotelparislafayette.com\/es\/wp-json\/wp\/v2\/types\/page"}],"author":[{"embeddable":true,"href":"https:\/\/www.hotelparislafayette.com\/es\/wp-json\/wp\/v2\/users\/208"}],"replies":[{"embeddable":true,"href":"https:\/\/www.hotelparislafayette.com\/es\/wp-json\/wp\/v2\/comments?post=196"}],"version-history":[{"count":0,"href":"https:\/\/www.hotelparislafayette.com\/es\/wp-json\/wp\/v2\/pages\/196\/revisions"}],"up":[{"embeddable":true,"href":"https:\/\/www.hotelparislafayette.com\/es\/wp-json\/wp\/v2\/pages\/195"}],"wp:attachment":[{"href":"https:\/\/www.hotelparislafayette.com\/es\/wp-json\/wp\/v2\/media?parent=196"}],"curies":[{"name":"wp","href":"https:\/\/api.w.org\/{rel}","templated":true}]}}