{"id":204,"date":"2025-03-24T15:40:53","date_gmt":"2025-03-24T15:40:53","guid":{"rendered":"https:\/\/hotelparislafayette.ms2.decms.eu\/single-budget-room\/"},"modified":"2025-04-17T13:04:57","modified_gmt":"2025-04-17T13:04:57","slug":"habitacion-individual-economica","status":"publish","type":"page","link":"https:\/\/www.hotelparislafayette.com\/es\/habitaciones\/habitacion-individual-economica\/","title":{"rendered":"Habitaci\u00f3n individual econ\u00f3mica"},"content":{"rendered":"<p>Nuestras habitaciones sencillas econ\u00f3micas est\u00e1n destinadas a viajeros que buscan<strong> el lugar ideal donde quedarse en el d\u00e9cimo distrito a un precio m\u00e1s que razonable<\/strong>, mientras disfrutan de lo necesario para alojarse en Par\u00eds en las mejores condiciones.<\/p>\n<p>Una promesa cumplida con un espacio optimizado e impecable en el que <strong>la ducha y la cama individual de 80 x 190 cm<\/strong> te esperan a la vuelta de un ajetreado d\u00eda en la capital.<\/p>\n","protected":false},"excerpt":{"rendered":"<p>Nuestras habitaciones sencillas econ\u00f3micas est\u00e1n destinadas a viajeros que buscan el lugar ideal donde quedarse en el d\u00e9cimo distrito a un precio m\u00e1s que razonable, mientras disfrutan de lo necesario para alojarse en Par\u00eds en las mejores condiciones. Una promesa cumplida con un espacio optimizado e impecable en el que la ducha y la cama [&hellip;]<\/p>\n","protected":false},"author":208,"featured_media":0,"parent":209,"menu_order":0,"comment_status":"closed","ping_status":"closed","template":"template-single-room.php","meta":{"footnotes":""},"class_list":["post-204","page","type-page","status-publish","hentry"],"yoast_head":"<!-- This site is optimized with the Yoast SEO plugin v27.3 - https:\/\/yoast.com\/product\/yoast-seo-wordpress\/ -->\n<title>Cheap hotel rooms in Paris, France | Paris Lafayette<\/title>\n<meta name=\"robots\" content=\"index, follow, max-snippet:-1, max-image-preview:large, max-video-preview:-1\" \/>\n<link rel=\"canonical\" href=\"https:\/\/www.hotelparislafayette.com\/es\/habitaciones\/habitacion-individual-economica\/\" \/>\n<meta property=\"og:locale\" content=\"es_ES\" \/>\n<meta property=\"og:type\" content=\"article\" \/>\n<meta property=\"og:title\" content=\"Cheap hotel rooms in Paris, France | Paris Lafayette\" \/>\n<meta property=\"og:description\" content=\"Nuestras habitaciones sencillas econ\u00f3micas est\u00e1n destinadas a viajeros que buscan el lugar ideal donde quedarse en el d\u00e9cimo distrito a un precio m\u00e1s que razonable, mientras disfrutan de lo necesario para alojarse en Par\u00eds en las mejores condiciones. Una promesa cumplida con un espacio optimizado e impecable en el que la ducha y la cama [&hellip;]\" \/>\n<meta property=\"og:url\" content=\"https:\/\/www.hotelparislafayette.com\/es\/habitaciones\/habitacion-individual-economica\/\" \/>\n<meta property=\"og:site_name\" content=\"Hotel Paris Lafayette\" \/>\n<meta property=\"article:publisher\" content=\"https:\/\/www.facebook.com\/hotelparislafayette\/\" \/>\n<meta property=\"article:modified_time\" content=\"2025-04-17T13:04:57+00:00\" \/>\n<meta name=\"twitter:card\" content=\"summary_large_image\" \/>\n<meta name=\"twitter:label1\" content=\"Tiempo de lectura\" \/>\n\t<meta name=\"twitter:data1\" content=\"1 minuto\" \/>\n<script type=\"application\/ld+json\" class=\"yoast-schema-graph\">{\"@context\":\"https:\\\/\\\/schema.org\",\"@graph\":[{\"@type\":\"WebPage\",\"@id\":\"https:\\\/\\\/www.hotelparislafayette.com\\\/es\\\/habitaciones\\\/habitacion-individual-economica\\\/\",\"url\":\"https:\\\/\\\/www.hotelparislafayette.com\\\/es\\\/habitaciones\\\/habitacion-individual-economica\\\/\",\"name\":\"Cheap hotel rooms in Paris, France | Paris Lafayette\",\"isPartOf\":{\"@id\":\"https:\\\/\\\/www.hotelparislafayette.com\\\/es\\\/#website\"},\"datePublished\":\"2025-03-24T15:40:53+00:00\",\"dateModified\":\"2025-04-17T13:04:57+00:00\",\"breadcrumb\":{\"@id\":\"https:\\\/\\\/www.hotelparislafayette.com\\\/es\\\/habitaciones\\\/habitacion-individual-economica\\\/#breadcrumb\"},\"inLanguage\":\"es\",\"potentialAction\":[{\"@type\":\"ReadAction\",\"target\":[\"https:\\\/\\\/www.hotelparislafayette.com\\\/es\\\/habitaciones\\\/habitacion-individual-economica\\\/\"]}]},{\"@type\":\"BreadcrumbList\",\"@id\":\"https:\\\/\\\/www.hotelparislafayette.com\\\/es\\\/habitaciones\\\/habitacion-individual-economica\\\/#breadcrumb\",\"itemListElement\":[{\"@type\":\"ListItem\",\"position\":1,\"name\":\"Home\",\"item\":\"https:\\\/\\\/www.hotelparislafayette.com\\\/es\\\/\"},{\"@type\":\"ListItem\",\"position\":2,\"name\":\"Habitaciones\",\"item\":\"https:\\\/\\\/www.hotelparislafayette.com\\\/es\\\/habitaciones\\\/\"},{\"@type\":\"ListItem\",\"position\":3,\"name\":\"Habitaci\u00f3n individual econ\u00f3mica\"}]},{\"@type\":\"WebSite\",\"@id\":\"https:\\\/\\\/www.hotelparislafayette.com\\\/es\\\/#website\",\"url\":\"https:\\\/\\\/www.hotelparislafayette.com\\\/es\\\/\",\"name\":\"Hotel Paris Lafayette\",\"description\":\"\",\"potentialAction\":[{\"@type\":\"SearchAction\",\"target\":{\"@type\":\"EntryPoint\",\"urlTemplate\":\"https:\\\/\\\/www.hotelparislafayette.com\\\/es\\\/?s={search_term_string}\"},\"query-input\":{\"@type\":\"PropertyValueSpecification\",\"valueRequired\":true,\"valueName\":\"search_term_string\"}}],\"inLanguage\":\"es\"}]}<\/script>\n<!-- \/ Yoast SEO plugin. -->","yoast_head_json":{"title":"Cheap hotel rooms in Paris, France | Paris Lafayette","robots":{"index":"index","follow":"follow","max-snippet":"max-snippet:-1","max-image-preview":"max-image-preview:large","max-video-preview":"max-video-preview:-1"},"canonical":"https:\/\/www.hotelparislafayette.com\/es\/habitaciones\/habitacion-individual-economica\/","og_locale":"es_ES","og_type":"article","og_title":"Cheap hotel rooms in Paris, France | Paris Lafayette","og_description":"Nuestras habitaciones sencillas econ\u00f3micas est\u00e1n destinadas a viajeros que buscan el lugar ideal donde quedarse en el d\u00e9cimo distrito a un precio m\u00e1s que razonable, mientras disfrutan de lo necesario para alojarse en Par\u00eds en las mejores condiciones. Una promesa cumplida con un espacio optimizado e impecable en el que la ducha y la cama [&hellip;]","og_url":"https:\/\/www.hotelparislafayette.com\/es\/habitaciones\/habitacion-individual-economica\/","og_site_name":"Hotel Paris Lafayette","article_publisher":"https:\/\/www.facebook.com\/hotelparislafayette\/","article_modified_time":"2025-04-17T13:04:57+00:00","twitter_card":"summary_large_image","twitter_misc":{"Tiempo de lectura":"1 minuto"},"schema":{"@context":"https:\/\/schema.org","@graph":[{"@type":"WebPage","@id":"https:\/\/www.hotelparislafayette.com\/es\/habitaciones\/habitacion-individual-economica\/","url":"https:\/\/www.hotelparislafayette.com\/es\/habitaciones\/habitacion-individual-economica\/","name":"Cheap hotel rooms in Paris, France | Paris Lafayette","isPartOf":{"@id":"https:\/\/www.hotelparislafayette.com\/es\/#website"},"datePublished":"2025-03-24T15:40:53+00:00","dateModified":"2025-04-17T13:04:57+00:00","breadcrumb":{"@id":"https:\/\/www.hotelparislafayette.com\/es\/habitaciones\/habitacion-individual-economica\/#breadcrumb"},"inLanguage":"es","potentialAction":[{"@type":"ReadAction","target":["https:\/\/www.hotelparislafayette.com\/es\/habitaciones\/habitacion-individual-economica\/"]}]},{"@type":"BreadcrumbList","@id":"https:\/\/www.hotelparislafayette.com\/es\/habitaciones\/habitacion-individual-economica\/#breadcrumb","itemListElement":[{"@type":"ListItem","position":1,"name":"Home","item":"https:\/\/www.hotelparislafayette.com\/es\/"},{"@type":"ListItem","position":2,"name":"Habitaciones","item":"https:\/\/www.hotelparislafayette.com\/es\/habitaciones\/"},{"@type":"ListItem","position":3,"name":"Habitaci\u00f3n individual econ\u00f3mica"}]},{"@type":"WebSite","@id":"https:\/\/www.hotelparislafayette.com\/es\/#website","url":"https:\/\/www.hotelparislafayette.com\/es\/","name":"Hotel Paris Lafayette","description":"","potentialAction":[{"@type":"SearchAction","target":{"@type":"EntryPoint","urlTemplate":"https:\/\/www.hotelparislafayette.com\/es\/?s={search_term_string}"},"query-input":{"@type":"PropertyValueSpecification","valueRequired":true,"valueName":"search_term_string"}}],"inLanguage":"es"}]}},"acf":[],"_links":{"self":[{"href":"https:\/\/www.hotelparislafayette.com\/es\/wp-json\/wp\/v2\/pages\/204","targetHints":{"allow":["GET"]}}],"collection":[{"href":"https:\/\/www.hotelparislafayette.com\/es\/wp-json\/wp\/v2\/pages"}],"about":[{"href":"https:\/\/www.hotelparislafayette.com\/es\/wp-json\/wp\/v2\/types\/page"}],"author":[{"embeddable":true,"href":"https:\/\/www.hotelparislafayette.com\/es\/wp-json\/wp\/v2\/users\/208"}],"replies":[{"embeddable":true,"href":"https:\/\/www.hotelparislafayette.com\/es\/wp-json\/wp\/v2\/comments?post=204"}],"version-history":[{"count":0,"href":"https:\/\/www.hotelparislafayette.com\/es\/wp-json\/wp\/v2\/pages\/204\/revisions"}],"up":[{"embeddable":true,"href":"https:\/\/www.hotelparislafayette.com\/es\/wp-json\/wp\/v2\/pages\/209"}],"wp:attachment":[{"href":"https:\/\/www.hotelparislafayette.com\/es\/wp-json\/wp\/v2\/media?parent=204"}],"curies":[{"name":"wp","href":"https:\/\/api.w.org\/{rel}","templated":true}]}}