{"id":209,"date":"2025-03-24T15:40:24","date_gmt":"2025-03-24T15:40:24","guid":{"rendered":"https:\/\/hotelparislafayette.ms2.decms.eu\/rooms\/"},"modified":"2025-04-17T13:04:42","modified_gmt":"2025-04-17T13:04:42","slug":"habitaciones","status":"publish","type":"page","link":"https:\/\/www.hotelparislafayette.com\/es\/habitaciones\/","title":{"rendered":"Habitaciones"},"content":{"rendered":"<p>Nuestras 52 habitaciones y 8 apartamentos est\u00e1n pensadas como p\u00e1ginas en blanco donde escribir libremente tu estancia en Par\u00eds.<\/p>\n<p><strong>Aire acondicionado, televisi\u00f3n de pantalla plana con TNT y canales extranjeros, Wi-Fi gratuito, tel\u00e9fono, secador de pelo y herramientas de planchado bajo demanda<\/strong>: dispones de materiales en perfecto estado a precios atractivos.<\/p>\n<p>Comodidades esenciales que puedes completar con numerosos servicios\u00a0que te esperan en la planta baja.<\/p>\n<p>En tu habit\u00e1culo funcional, los toques de colores c\u00e1lidos iluminan la suavidad de los tonos crema y marrones claros.<\/p>\n<p>Encontrar\u00e1s as\u00ed el tema natural de bienvenida en la geometr\u00eda de los campos de flores que decoran las paredes, reflejando un entorno sencillo y acogedor.<\/p>\n<p>\u00bfQuieres reservar un apartamento peque\u00f1o? \u00a1Vaya a nuestro sitio web dedicado y reserve su apartamento en el centro de Par\u00eds!<\/p>\n","protected":false},"excerpt":{"rendered":"<p>Nuestras 52 habitaciones y 8 apartamentos est\u00e1n pensadas como p\u00e1ginas en blanco donde escribir libremente tu estancia en Par\u00eds. Aire acondicionado, televisi\u00f3n de pantalla plana con TNT y canales extranjeros, Wi-Fi gratuito, tel\u00e9fono, secador de pelo y herramientas de planchado bajo demanda: dispones de materiales en perfecto estado a precios atractivos. Comodidades esenciales que puedes [&hellip;]<\/p>\n","protected":false},"author":208,"featured_media":0,"parent":0,"menu_order":0,"comment_status":"closed","ping_status":"closed","template":"template-rooms.php","meta":{"footnotes":""},"yoast_head":"<!-- This site is optimized with the Yoast SEO plugin v22.3 - https:\/\/yoast.com\/wordpress\/plugins\/seo\/ -->\n<title>Paris Hotel Room | Paris Lafayette<\/title>\n<meta name=\"robots\" content=\"index, follow, max-snippet:-1, max-image-preview:large, max-video-preview:-1\" \/>\n<link rel=\"canonical\" href=\"https:\/\/www.hotelparislafayette.com\/es\/habitaciones\/\" \/>\n<meta property=\"og:locale\" content=\"es_ES\" \/>\n<meta property=\"og:type\" content=\"article\" \/>\n<meta property=\"og:title\" content=\"Paris Hotel Room | Paris Lafayette\" \/>\n<meta property=\"og:description\" content=\"Nuestras 52 habitaciones y 8 apartamentos est\u00e1n pensadas como p\u00e1ginas en blanco donde escribir libremente tu estancia en Par\u00eds. Aire acondicionado, televisi\u00f3n de pantalla plana con TNT y canales extranjeros, Wi-Fi gratuito, tel\u00e9fono, secador de pelo y herramientas de planchado bajo demanda: dispones de materiales en perfecto estado a precios atractivos. Comodidades esenciales que puedes [&hellip;]\" \/>\n<meta property=\"og:url\" content=\"https:\/\/www.hotelparislafayette.com\/es\/habitaciones\/\" \/>\n<meta property=\"og:site_name\" content=\"Hotel Paris Lafayette\" \/>\n<meta property=\"article:publisher\" content=\"https:\/\/www.facebook.com\/hotelparislafayette\/\" \/>\n<meta property=\"article:modified_time\" content=\"2025-04-17T13:04:42+00:00\" \/>\n<meta name=\"twitter:card\" content=\"summary_large_image\" \/>\n<meta name=\"twitter:label1\" content=\"Tiempo de lectura\" \/>\n\t<meta name=\"twitter:data1\" content=\"1 minuto\" \/>\n<script type=\"application\/ld+json\" class=\"yoast-schema-graph\">{\"@context\":\"https:\/\/schema.org\",\"@graph\":[{\"@type\":\"WebPage\",\"@id\":\"https:\/\/www.hotelparislafayette.com\/es\/habitaciones\/\",\"url\":\"https:\/\/www.hotelparislafayette.com\/es\/habitaciones\/\",\"name\":\"Paris Hotel Room | Paris Lafayette\",\"isPartOf\":{\"@id\":\"https:\/\/www.hotelparislafayette.com\/es\/#website\"},\"datePublished\":\"2025-03-24T15:40:24+00:00\",\"dateModified\":\"2025-04-17T13:04:42+00:00\",\"breadcrumb\":{\"@id\":\"https:\/\/www.hotelparislafayette.com\/es\/habitaciones\/#breadcrumb\"},\"inLanguage\":\"es\",\"potentialAction\":[{\"@type\":\"ReadAction\",\"target\":[\"https:\/\/www.hotelparislafayette.com\/es\/habitaciones\/\"]}]},{\"@type\":\"BreadcrumbList\",\"@id\":\"https:\/\/www.hotelparislafayette.com\/es\/habitaciones\/#breadcrumb\",\"itemListElement\":[{\"@type\":\"ListItem\",\"position\":1,\"name\":\"Home\",\"item\":\"https:\/\/www.hotelparislafayette.com\/es\/\"},{\"@type\":\"ListItem\",\"position\":2,\"name\":\"Habitaciones\"}]},{\"@type\":\"WebSite\",\"@id\":\"https:\/\/www.hotelparislafayette.com\/es\/#website\",\"url\":\"https:\/\/www.hotelparislafayette.com\/es\/\",\"name\":\"Hotel Paris Lafayette\",\"description\":\"\",\"potentialAction\":[{\"@type\":\"SearchAction\",\"target\":{\"@type\":\"EntryPoint\",\"urlTemplate\":\"https:\/\/www.hotelparislafayette.com\/es\/?s={search_term_string}\"},\"query-input\":\"required name=search_term_string\"}],\"inLanguage\":\"es\"}]}<\/script>\n<!-- \/ Yoast SEO plugin. -->","yoast_head_json":{"title":"Paris Hotel Room | Paris Lafayette","robots":{"index":"index","follow":"follow","max-snippet":"max-snippet:-1","max-image-preview":"max-image-preview:large","max-video-preview":"max-video-preview:-1"},"canonical":"https:\/\/www.hotelparislafayette.com\/es\/habitaciones\/","og_locale":"es_ES","og_type":"article","og_title":"Paris Hotel Room | Paris Lafayette","og_description":"Nuestras 52 habitaciones y 8 apartamentos est\u00e1n pensadas como p\u00e1ginas en blanco donde escribir libremente tu estancia en Par\u00eds. Aire acondicionado, televisi\u00f3n de pantalla plana con TNT y canales extranjeros, Wi-Fi gratuito, tel\u00e9fono, secador de pelo y herramientas de planchado bajo demanda: dispones de materiales en perfecto estado a precios atractivos. Comodidades esenciales que puedes [&hellip;]","og_url":"https:\/\/www.hotelparislafayette.com\/es\/habitaciones\/","og_site_name":"Hotel Paris Lafayette","article_publisher":"https:\/\/www.facebook.com\/hotelparislafayette\/","article_modified_time":"2025-04-17T13:04:42+00:00","twitter_card":"summary_large_image","twitter_misc":{"Tiempo de lectura":"1 minuto"},"schema":{"@context":"https:\/\/schema.org","@graph":[{"@type":"WebPage","@id":"https:\/\/www.hotelparislafayette.com\/es\/habitaciones\/","url":"https:\/\/www.hotelparislafayette.com\/es\/habitaciones\/","name":"Paris Hotel Room | Paris Lafayette","isPartOf":{"@id":"https:\/\/www.hotelparislafayette.com\/es\/#website"},"datePublished":"2025-03-24T15:40:24+00:00","dateModified":"2025-04-17T13:04:42+00:00","breadcrumb":{"@id":"https:\/\/www.hotelparislafayette.com\/es\/habitaciones\/#breadcrumb"},"inLanguage":"es","potentialAction":[{"@type":"ReadAction","target":["https:\/\/www.hotelparislafayette.com\/es\/habitaciones\/"]}]},{"@type":"BreadcrumbList","@id":"https:\/\/www.hotelparislafayette.com\/es\/habitaciones\/#breadcrumb","itemListElement":[{"@type":"ListItem","position":1,"name":"Home","item":"https:\/\/www.hotelparislafayette.com\/es\/"},{"@type":"ListItem","position":2,"name":"Habitaciones"}]},{"@type":"WebSite","@id":"https:\/\/www.hotelparislafayette.com\/es\/#website","url":"https:\/\/www.hotelparislafayette.com\/es\/","name":"Hotel Paris Lafayette","description":"","potentialAction":[{"@type":"SearchAction","target":{"@type":"EntryPoint","urlTemplate":"https:\/\/www.hotelparislafayette.com\/es\/?s={search_term_string}"},"query-input":"required name=search_term_string"}],"inLanguage":"es"}]}},"acf":[],"_links":{"self":[{"href":"https:\/\/www.hotelparislafayette.com\/es\/wp-json\/wp\/v2\/pages\/209"}],"collection":[{"href":"https:\/\/www.hotelparislafayette.com\/es\/wp-json\/wp\/v2\/pages"}],"about":[{"href":"https:\/\/www.hotelparislafayette.com\/es\/wp-json\/wp\/v2\/types\/page"}],"author":[{"embeddable":true,"href":"https:\/\/www.hotelparislafayette.com\/es\/wp-json\/wp\/v2\/users\/208"}],"replies":[{"embeddable":true,"href":"https:\/\/www.hotelparislafayette.com\/es\/wp-json\/wp\/v2\/comments?post=209"}],"version-history":[{"count":0,"href":"https:\/\/www.hotelparislafayette.com\/es\/wp-json\/wp\/v2\/pages\/209\/revisions"}],"wp:attachment":[{"href":"https:\/\/www.hotelparislafayette.com\/es\/wp-json\/wp\/v2\/media?parent=209"}],"curies":[{"name":"wp","href":"https:\/\/api.w.org\/{rel}","templated":true}]}}